{"id":79,"date":"2025-07-18T20:22:52","date_gmt":"2025-07-18T18:22:52","guid":{"rendered":"https:\/\/fizjoterapeuta24.bartoszmatuszewski.pl\/?page_id=79"},"modified":"2025-08-10T20:06:14","modified_gmt":"2025-08-10T18:06:14","slug":"nail-atelier-service-details","status":"publish","type":"page","link":"https:\/\/fizjoterapeuta24.bartoszmatuszewski.pl\/?page_id=79","title":{"rendered":"Oferta"},"content":{"rendered":"\t\t<div data-elementor-type=\"wp-page\" data-elementor-id=\"79\" class=\"elementor elementor-79\" data-elementor-post-type=\"page\">\n\t\t\t\t\t\t<section class=\"elementor-section elementor-top-section elementor-element elementor-element-08666ec elementor-section-boxed elementor-section-height-default elementor-section-height-default\" data-id=\"08666ec\" data-element_type=\"section\" data-settings=\"{&quot;background_background&quot;:&quot;classic&quot;}\">\n\t\t\t\t\t\t<div class=\"elementor-container elementor-column-gap-no\">\n\t\t\t\t\t<div class=\"elementor-column elementor-col-100 elementor-top-column elementor-element elementor-element-9d5dc87\" data-id=\"9d5dc87\" data-element_type=\"column\">\n\t\t\t<div class=\"elementor-widget-wrap elementor-element-populated\">\n\t\t\t\t\t\t<div class=\"elementor-element elementor-element-2bd7337 elementor-widget-tablet__width-initial elementor-widget-mobile__width-initial elementor-widget elementor-widget-heading\" data-id=\"2bd7337\" data-element_type=\"widget\" data-widget_type=\"heading.default\">\n\t\t\t\t\t<h1 class=\"elementor-heading-title elementor-size-default\">Us\u0142ugi - szczeg\u00f3\u0142y<\/h1>\t\t\t\t<\/div>\n\t\t\t\t<div class=\"elementor-element elementor-element-c1ccfd2 elementor-icon-list--layout-inline elementor-align-center elementor-list-item-link-full_width elementor-widget elementor-widget-icon-list\" data-id=\"c1ccfd2\" data-element_type=\"widget\" data-widget_type=\"icon-list.default\">\n\t\t\t\t\t\t\t<ul class=\"elementor-icon-list-items elementor-inline-items\">\n\t\t\t\t\t\t\t<li class=\"elementor-icon-list-item elementor-inline-item\">\n\t\t\t\t\t\t\t\t\t\t\t<a href=\"https:\/\/fizjoterapeuta24.bartoszmatuszewski.pl\/\">\n\n\t\t\t\t\t\t\t\t\t\t\t<span class=\"elementor-icon-list-text\">Powr\u00f3t strona g\u0142\u00f3wna<\/span>\n\t\t\t\t\t\t\t\t\t\t\t<\/a>\n\t\t\t\t\t\t\t\t\t<\/li>\n\t\t\t\t\t\t<\/ul>\n\t\t\t\t\t\t<\/div>\n\t\t\t\t\t<\/div>\n\t\t<\/div>\n\t\t\t\t\t<\/div>\n\t\t<\/section>\n\t\t\t\t<section class=\"elementor-section elementor-top-section elementor-element elementor-element-a8d3df9 elementor-section-boxed elementor-section-height-default elementor-section-height-default\" data-id=\"a8d3df9\" data-element_type=\"section\">\n\t\t\t\t\t\t<div class=\"elementor-container elementor-column-gap-no\">\n\t\t\t\t\t<div class=\"elementor-column elementor-col-100 elementor-top-column elementor-element elementor-element-355171a\" data-id=\"355171a\" data-element_type=\"column\">\n\t\t\t<div class=\"elementor-widget-wrap elementor-element-populated\">\n\t\t\t\t\t\t<div class=\"elementor-element elementor-element-ef230ae elementor-widget elementor-widget-heading\" data-id=\"ef230ae\" data-element_type=\"widget\" data-widget_type=\"heading.default\">\n\t\t\t\t\t<h5 class=\"elementor-heading-title elementor-size-default\">US\u0141UGI<\/h5>\t\t\t\t<\/div>\n\t\t\t\t<div class=\"elementor-element elementor-element-790e334 elementor-widget-tablet__width-initial elementor-widget-mobile__width-initial elementor-widget elementor-widget-heading\" data-id=\"790e334\" data-element_type=\"widget\" data-widget_type=\"heading.default\">\n\t\t\t\t\t<h2 class=\"elementor-heading-title elementor-size-default\">Moja specjalizacja<\/h2>\t\t\t\t<\/div>\n\t\t\t\t<section class=\"elementor-section elementor-inner-section elementor-element elementor-element-174f910 elementor-section-full_width elementor-section-height-default elementor-section-height-default\" data-id=\"174f910\" data-element_type=\"section\">\n\t\t\t\t\t\t<div class=\"elementor-container elementor-column-gap-no\">\n\t\t\t\t\t<div class=\"elementor-column elementor-col-33 elementor-inner-column elementor-element elementor-element-bc5af9a\" data-id=\"bc5af9a\" data-element_type=\"column\">\n\t\t\t<div class=\"elementor-widget-wrap elementor-element-populated\">\n\t\t\t\t\t\t<div class=\"elementor-element elementor-element-69c4ad8 eael-infobox-shape-circle animated-slow eael-infobox-content-align--center eael-infobox-hover-img-shape-square elementor-invisible elementor-widget elementor-widget-eael-info-box\" data-id=\"69c4ad8\" data-element_type=\"widget\" data-settings=\"{&quot;_animation&quot;:&quot;fadeInUp&quot;,&quot;_animation_delay&quot;:300}\" data-widget_type=\"eael-info-box.default\">\n\t\t\t\t\t        <div class=\"eael-infobox icon-on-top\">\n\t            <div class=\"infobox-icon\">\n\n                            <img decoding=\"async\" src=\"https:\/\/fizjoterapeuta24.bartoszmatuszewski.pl\/wp-content\/uploads\/2025\/07\/fizjo-sport.jpg\" alt=\"\">\n            \n            \n            \n        <\/div>\n            <div class=\"infobox-content\">\n                    <div class=\"infobox-title-section\">\n                <h2 class=\"title\">Fizjoterapia Sportowa<\/h2>            <\/div>\n                    <\/div>\n            <\/div>\n\n\t\t\t\t\t\t<\/div>\n\t\t\t\t\t<\/div>\n\t\t<\/div>\n\t\t\t\t<div class=\"elementor-column elementor-col-33 elementor-inner-column elementor-element elementor-element-c929ea3\" data-id=\"c929ea3\" data-element_type=\"column\">\n\t\t\t<div class=\"elementor-widget-wrap elementor-element-populated\">\n\t\t\t\t\t\t<div class=\"elementor-element elementor-element-db7a90f eael-infobox-shape-circle animated-slow eael-infobox-content-align--center eael-infobox-hover-img-shape-square elementor-invisible elementor-widget elementor-widget-eael-info-box\" data-id=\"db7a90f\" data-element_type=\"widget\" data-settings=\"{&quot;_animation&quot;:&quot;fadeInUp&quot;,&quot;_animation_delay&quot;:300}\" data-widget_type=\"eael-info-box.default\">\n\t\t\t\t\t        <div class=\"eael-infobox icon-on-top\">\n\t            <div class=\"infobox-icon\">\n\n                            <img decoding=\"async\" src=\"https:\/\/fizjoterapeuta24.bartoszmatuszewski.pl\/wp-content\/uploads\/2025\/07\/kobieta-cwiczaca-cwiczenie-podczas-sesji-fizjoterapeutycznej-scaled.jpg\" alt=\"\">\n            \n            \n            \n        <\/div>\n            <div class=\"infobox-content\">\n                    <div class=\"infobox-title-section\">\n                <h2 class=\"title\">Fizjoterapia Ortopedyczna<\/h2>            <\/div>\n                    <\/div>\n            <\/div>\n\n\t\t\t\t\t\t<\/div>\n\t\t\t\t\t<\/div>\n\t\t<\/div>\n\t\t\t\t<div class=\"elementor-column elementor-col-33 elementor-inner-column elementor-element elementor-element-3014064\" data-id=\"3014064\" data-element_type=\"column\">\n\t\t\t<div class=\"elementor-widget-wrap elementor-element-populated\">\n\t\t\t\t\t\t<div class=\"elementor-element elementor-element-5ca5136 eael-infobox-shape-circle animated-slow eael-infobox-content-align--center eael-infobox-hover-img-shape-square elementor-invisible elementor-widget elementor-widget-eael-info-box\" data-id=\"5ca5136\" data-element_type=\"widget\" data-settings=\"{&quot;_animation&quot;:&quot;fadeInUp&quot;,&quot;_animation_delay&quot;:300}\" data-widget_type=\"eael-info-box.default\">\n\t\t\t\t\t        <div class=\"eael-infobox icon-on-top\">\n\t            <div class=\"infobox-icon\">\n\n                            <img decoding=\"async\" src=\"https:\/\/fizjoterapeuta24.bartoszmatuszewski.pl\/wp-content\/uploads\/2025\/07\/bliska-kobieta-pomagajaca-dziecku-w-pomieszczeniu.jpg\" alt=\"\">\n            \n            \n            \n        <\/div>\n            <div class=\"infobox-content\">\n                    <div class=\"infobox-title-section\">\n                <h2 class=\"title\">Fizjoterapia Pediatryczna<\/h2>            <\/div>\n                    <\/div>\n            <\/div>\n\n\t\t\t\t\t\t<\/div>\n\t\t\t\t\t<\/div>\n\t\t<\/div>\n\t\t\t\t\t<\/div>\n\t\t<\/section>\n\t\t\t\t\t<\/div>\n\t\t<\/div>\n\t\t\t\t\t<\/div>\n\t\t<\/section>\n\t\t<div class=\"elementor-element elementor-element-dabf728 e-flex e-con-boxed e-con e-parent\" data-id=\"dabf728\" data-element_type=\"container\">\n\t\t\t\t\t<div class=\"e-con-inner\">\n\t\t<div class=\"elementor-element elementor-element-2bd5dd9 e-con-full e-flex e-con e-child\" data-id=\"2bd5dd9\" data-element_type=\"container\">\n\t\t\t\t<div class=\"elementor-element elementor-element-2343e08 elementor-widget elementor-widget-text-editor\" data-id=\"2343e08\" data-element_type=\"widget\" data-widget_type=\"text-editor.default\">\n\t\t\t\t\t\t\t\t\t<h2 data-start=\"131\" data-end=\"164\">Fizjoterapia sportowa<\/h2>\n<p data-start=\"166\" data-end=\"243\"><strong data-start=\"166\" data-end=\"243\">Pomagam sportowcom i osobom aktywnym wr\u00f3ci\u0107 do formy i unikn\u0105\u0107 kontuzji.<\/strong><\/p>\n<h3 data-start=\"245\" data-end=\"263\">Zajmuj\u0119 si\u0119:<\/h3>\n<ul data-start=\"264\" data-end=\"520\">\n<li data-start=\"264\" data-end=\"310\">\n<p data-start=\"266\" data-end=\"310\">urazami: skr\u0119cenia, naderwania, st\u0142uczenia<\/p>\n<\/li>\n<li data-start=\"311\" data-end=\"378\">\n<p data-start=\"313\" data-end=\"378\">przeci\u0105\u017ceniami: \u0142okie\u0107 tenisisty, b\u00f3l kolana, \u015bci\u0119gno Achillesa<\/p>\n<\/li>\n<li data-start=\"379\" data-end=\"433\">\n<p data-start=\"381\" data-end=\"433\">rehabilitacj\u0105 po operacjach (np. ACL, artroskopia)<\/p>\n<\/li>\n<li data-start=\"434\" data-end=\"475\">\n<p data-start=\"436\" data-end=\"475\">przygotowaniem do trening\u00f3w i start\u00f3w<\/p>\n<\/li>\n<li data-start=\"476\" data-end=\"520\">\n<p data-start=\"478\" data-end=\"520\">planowaniem bezpiecznego powrotu do sportu<\/p>\n<\/li>\n<\/ul>\t\t\t\t\t\t\t\t<\/div>\n\t\t\t\t<\/div>\n\t\t<div class=\"elementor-element elementor-element-3051d15 e-con-full e-flex e-con e-child\" data-id=\"3051d15\" data-element_type=\"container\">\n\t\t\t\t<div class=\"elementor-element elementor-element-79c0351 elementor-widget elementor-widget-text-editor\" data-id=\"79c0351\" data-element_type=\"widget\" data-widget_type=\"text-editor.default\">\n\t\t\t\t\t\t\t\t\t<h2 data-start=\"89\" data-end=\"126\">Fizjoterapia ortopedyczna<\/h2><p data-start=\"128\" data-end=\"225\"><strong data-start=\"128\" data-end=\"225\">Specjalistyczna terapia po urazach i zabiegach ortopedycznych. Pomagam wr\u00f3ci\u0107 do sprawno\u015bci.<\/strong><\/p><h3 data-start=\"227\" data-end=\"245\">Zajmuj\u0119 si\u0119:<\/h3><ul data-start=\"246\" data-end=\"507\"><li data-start=\"246\" data-end=\"291\"><p data-start=\"248\" data-end=\"291\">urazami: z\u0142amania, zwichni\u0119cia, skr\u0119cenia<\/p><\/li><li data-start=\"292\" data-end=\"322\"><p data-start=\"294\" data-end=\"322\">b\u00f3lami staw\u00f3w i kr\u0119gos\u0142upa<\/p><\/li><li data-start=\"323\" data-end=\"396\"><p data-start=\"325\" data-end=\"396\">rehabilitacj\u0105 po operacjach (endoprotezy, artroskopia, rekonstrukcje)<\/p><\/li><li data-start=\"397\" data-end=\"459\"><p data-start=\"399\" data-end=\"459\">ograniczeniami ruchomo\u015bci, sztywno\u015bci\u0105, os\u0142abieniem mi\u0119\u015bni<\/p><\/li><li data-start=\"460\" data-end=\"507\"><p data-start=\"462\" data-end=\"507\">przygotowaniem do zabieg\u00f3w i rekonwalescencj\u0105<\/p><\/li><\/ul>\t\t\t\t\t\t\t\t<\/div>\n\t\t\t\t<\/div>\n\t\t<div class=\"elementor-element elementor-element-f40bd84 e-con-full e-flex e-con e-child\" data-id=\"f40bd84\" data-element_type=\"container\">\n\t\t\t\t<div class=\"elementor-element elementor-element-a23def1 elementor-widget elementor-widget-text-editor\" data-id=\"a23def1\" data-element_type=\"widget\" data-widget_type=\"text-editor.default\">\n\t\t\t\t\t\t\t\t\t<h2 data-start=\"89\" data-end=\"126\">Fizjoterapia pediatryczna<\/h2><p data-start=\"128\" data-end=\"197\"><strong data-start=\"128\" data-end=\"197\">Wspieram rozw\u00f3j i sprawno\u015b\u0107 dzieci od pierwszych miesi\u0119cy \u017cycia.<\/strong><\/p><h3 data-start=\"199\" data-end=\"217\">Zajmuj\u0119 si\u0119:<\/h3><ul data-start=\"218\" data-end=\"478\"><li data-start=\"218\" data-end=\"251\"><p data-start=\"220\" data-end=\"251\">op\u00f3\u017anieniem rozwoju ruchowego<\/p><\/li><li data-start=\"252\" data-end=\"322\"><p data-start=\"254\" data-end=\"322\">asymetri\u0105 u\u0142o\u017ceniow\u0105, wzmo\u017conym lub obni\u017conym napi\u0119ciem mi\u0119\u015bniowym<\/p><\/li><li data-start=\"323\" data-end=\"378\"><p data-start=\"325\" data-end=\"378\">wadami postawy (np. skolioza, ko\u015blawo\u015b\u0107 kolan\/st\u00f3p)<\/p><\/li><li data-start=\"379\" data-end=\"425\"><p data-start=\"381\" data-end=\"425\">rehabilitacj\u0105 neurologiczn\u0105 i ortopedyczn\u0105<\/p><\/li><li data-start=\"426\" data-end=\"478\"><p data-start=\"428\" data-end=\"478\">terapi\u0105 po urazach, operacjach, zaburzeniach chodu<\/p><\/li><\/ul>\t\t\t\t\t\t\t\t<\/div>\n\t\t\t\t<\/div>\n\t\t\t\t\t<\/div>\n\t\t\t\t<\/div>\n\t\t\t\t<section class=\"elementor-section elementor-top-section elementor-element elementor-element-2c1a89d elementor-section-full_width elementor-section-height-default elementor-section-height-default\" data-id=\"2c1a89d\" data-element_type=\"section\">\n\t\t\t\t\t\t<div class=\"elementor-container elementor-column-gap-no\">\n\t\t\t\t\t<div class=\"elementor-column elementor-col-100 elementor-top-column elementor-element elementor-element-382977e\" data-id=\"382977e\" data-element_type=\"column\">\n\t\t\t<div class=\"elementor-widget-wrap elementor-element-populated\">\n\t\t\t\t\t\t<div class=\"elementor-element elementor-element-d867479 elementor-widget-tablet__width-initial elementor-widget-mobile__width-initial elementor-widget elementor-widget-heading\" data-id=\"d867479\" data-element_type=\"widget\" data-widget_type=\"heading.default\">\n\t\t\t\t\t<h2 class=\"elementor-heading-title elementor-size-default\">\u015aled\u017a m\u00f3j Instagram <\/h2>\t\t\t\t<\/div>\n\t\t\t\t<div class=\"elementor-element elementor-element-c9d8905 elementor-widget elementor-widget-heading\" data-id=\"c9d8905\" data-element_type=\"widget\" data-widget_type=\"heading.default\">\n\t\t\t\t\t<h5 class=\"elementor-heading-title elementor-size-default\"><a href=\"#\">@FIZIO24_BDG<\/a><\/h5>\t\t\t\t<\/div>\n\t\t\t\t<div class=\"elementor-element elementor-element-82a4672 elementor-widget elementor-widget-image-carousel\" data-id=\"82a4672\" data-element_type=\"widget\" data-settings=\"{&quot;slides_to_show&quot;:&quot;5&quot;,&quot;slides_to_show_tablet&quot;:&quot;4&quot;,&quot;slides_to_show_mobile&quot;:&quot;3&quot;,&quot;navigation&quot;:&quot;none&quot;,&quot;autoplay&quot;:&quot;yes&quot;,&quot;pause_on_hover&quot;:&quot;yes&quot;,&quot;pause_on_interaction&quot;:&quot;yes&quot;,&quot;autoplay_speed&quot;:5000,&quot;infinite&quot;:&quot;yes&quot;,&quot;speed&quot;:500}\" data-widget_type=\"image-carousel.default\">\n\t\t\t\t\t\t\t<div class=\"elementor-image-carousel-wrapper swiper\" role=\"region\" aria-roledescription=\"carousel\" aria-label=\"Image Carousel\" dir=\"ltr\">\n\t\t\t<div class=\"elementor-image-carousel swiper-wrapper\" aria-live=\"off\">\n\t\t\t\t\t\t\t\t<div class=\"swiper-slide\" role=\"group\" aria-roledescription=\"slide\" aria-label=\"1 of 9\"><figure class=\"swiper-slide-inner\"><img decoding=\"async\" class=\"swiper-slide-image\" src=\"https:\/\/fizjoterapeuta24.bartoszmatuszewski.pl\/wp-content\/uploads\/2025\/07\/pielegniarka-z-pacjentem-podczas-sesji-osteopatii-scaled.jpg\" alt=\"pielegniarka-z-pacjentem-podczas-sesji-osteopatii\" \/><\/figure><\/div><div class=\"swiper-slide\" role=\"group\" aria-roledescription=\"slide\" aria-label=\"2 of 9\"><figure class=\"swiper-slide-inner\"><img decoding=\"async\" class=\"swiper-slide-image\" src=\"https:\/\/fizjoterapeuta24.bartoszmatuszewski.pl\/wp-content\/uploads\/2025\/07\/kobieta-cwiczaca-cwiczenie-podczas-sesji-fizjoterapeutycznej-scaled.jpg\" alt=\"kobieta-cwiczaca-cwiczenie-podczas-sesji-fizjoterapeutycznej\" \/><\/figure><\/div><div class=\"swiper-slide\" role=\"group\" aria-roledescription=\"slide\" aria-label=\"3 of 9\"><figure class=\"swiper-slide-inner\"><img decoding=\"async\" class=\"swiper-slide-image\" src=\"https:\/\/fizjoterapeuta24.bartoszmatuszewski.pl\/wp-content\/uploads\/2025\/07\/mloda-latynoska-fizjoterapeutka-wykonuje-zabieg-rehabilitacji-ramienia-mezczyzny-w-klinice-1.jpg\" alt=\"Young hispanic physioterapist woman make arm rehab treatment to man at the clinic.\" \/><\/figure><\/div><div class=\"swiper-slide\" role=\"group\" aria-roledescription=\"slide\" aria-label=\"4 of 9\"><figure class=\"swiper-slide-inner\"><img decoding=\"async\" class=\"swiper-slide-image\" src=\"https:\/\/fizjoterapeuta24.bartoszmatuszewski.pl\/wp-content\/uploads\/2025\/07\/bliska-kobieta-pomagajaca-dziecku-w-pomieszczeniu.jpg\" alt=\"bliska-kobieta-pomagajaca-dziecku-w-pomieszczeniu\" \/><\/figure><\/div><div class=\"swiper-slide\" role=\"group\" aria-roledescription=\"slide\" aria-label=\"5 of 9\"><figure class=\"swiper-slide-inner\"><img decoding=\"async\" class=\"swiper-slide-image\" src=\"https:\/\/fizjoterapeuta24.bartoszmatuszewski.pl\/wp-content\/uploads\/2025\/07\/lekarz-pomaga-pacjentowi-podczas-rehabilitacji.jpg\" alt=\"lekarz-pomaga-pacjentowi-podczas-rehabilitacji\" \/><\/figure><\/div><div class=\"swiper-slide\" role=\"group\" aria-roledescription=\"slide\" aria-label=\"6 of 9\"><figure class=\"swiper-slide-inner\"><img decoding=\"async\" class=\"swiper-slide-image\" src=\"https:\/\/fizjoterapeuta24.bartoszmatuszewski.pl\/wp-content\/uploads\/2025\/07\/pielegniarka-z-pacjentem-podczas-sesji-osteopatii-1-scaled.jpg\" alt=\"pielegniarka-z-pacjentem-podczas-sesji-osteopatii (1)\" \/><\/figure><\/div><div class=\"swiper-slide\" role=\"group\" aria-roledescription=\"slide\" aria-label=\"7 of 9\"><figure class=\"swiper-slide-inner\"><img decoding=\"async\" class=\"swiper-slide-image\" src=\"https:\/\/fizjoterapeuta24.bartoszmatuszewski.pl\/wp-content\/uploads\/2025\/07\/mloda-latynoska-fizjoterapeutka-wykonuje-zabieg-rehabilitacji-ramienia-mezczyzny-w-klinice.jpg\" alt=\"Young hispanic physioterapist woman make arm rehab treatment to man at the clinic.\" \/><\/figure><\/div><div class=\"swiper-slide\" role=\"group\" aria-roledescription=\"slide\" aria-label=\"8 of 9\"><figure class=\"swiper-slide-inner\"><img decoding=\"async\" class=\"swiper-slide-image\" src=\"https:\/\/fizjoterapeuta24.bartoszmatuszewski.pl\/wp-content\/uploads\/2025\/07\/fizjoterapia-rehabilitacyjna-sredni-strzal-1-scaled.jpg\" alt=\"fizjoterapia-rehabilitacyjna-sredni-strzal\" \/><\/figure><\/div><div class=\"swiper-slide\" role=\"group\" aria-roledescription=\"slide\" aria-label=\"9 of 9\"><figure class=\"swiper-slide-inner\"><img decoding=\"async\" class=\"swiper-slide-image\" src=\"https:\/\/fizjoterapeuta24.bartoszmatuszewski.pl\/wp-content\/uploads\/2025\/07\/srednio-strzal-smiley-lekarz-sprawdzajacy-kobiete-scaled.jpg\" alt=\"srednio-strzal-smiley-lekarz-sprawdzajacy-kobiete\" \/><\/figure><\/div>\t\t\t<\/div>\n\t\t\t\t\t\t\t\n\t\t\t\t\t\t\t\t\t<\/div>\n\t\t\t\t\t\t<\/div>\n\t\t\t\t\t<\/div>\n\t\t<\/div>\n\t\t\t\t\t<\/div>\n\t\t<\/section>\n\t\t\t\t<\/div>\n\t\t","protected":false},"excerpt":{"rendered":"<p>Us\u0142ugi &#8211; szczeg\u00f3\u0142y Powr\u00f3t strona g\u0142\u00f3wna US\u0141UGI Moja specjalizacja Fizjoterapia Sportowa Fizjoterapia Ortopedyczna Fizjoterapia Pediatryczna Fizjoterapia sportowa Pomagam sportowcom i osobom aktywnym wr\u00f3ci\u0107 do formy i unikn\u0105\u0107 kontuzji. Zajmuj\u0119 si\u0119: urazami: skr\u0119cenia, naderwania, st\u0142uczenia przeci\u0105\u017ceniami: \u0142okie\u0107 tenisisty, b\u00f3l kolana, \u015bci\u0119gno Achillesa rehabilitacj\u0105 po operacjach (np. ACL, artroskopia) przygotowaniem do trening\u00f3w i start\u00f3w planowaniem bezpiecznego powrotu [&hellip;]<\/p>\n","protected":false},"author":1,"featured_media":0,"parent":0,"menu_order":0,"comment_status":"closed","ping_status":"closed","template":"elementor_header_footer","meta":{"footnotes":""},"class_list":["post-79","page","type-page","status-publish","hentry"],"_links":{"self":[{"href":"https:\/\/fizjoterapeuta24.bartoszmatuszewski.pl\/index.php?rest_route=\/wp\/v2\/pages\/79","targetHints":{"allow":["GET"]}}],"collection":[{"href":"https:\/\/fizjoterapeuta24.bartoszmatuszewski.pl\/index.php?rest_route=\/wp\/v2\/pages"}],"about":[{"href":"https:\/\/fizjoterapeuta24.bartoszmatuszewski.pl\/index.php?rest_route=\/wp\/v2\/types\/page"}],"author":[{"embeddable":true,"href":"https:\/\/fizjoterapeuta24.bartoszmatuszewski.pl\/index.php?rest_route=\/wp\/v2\/users\/1"}],"replies":[{"embeddable":true,"href":"https:\/\/fizjoterapeuta24.bartoszmatuszewski.pl\/index.php?rest_route=%2Fwp%2Fv2%2Fcomments&post=79"}],"version-history":[{"count":17,"href":"https:\/\/fizjoterapeuta24.bartoszmatuszewski.pl\/index.php?rest_route=\/wp\/v2\/pages\/79\/revisions"}],"predecessor-version":[{"id":382,"href":"https:\/\/fizjoterapeuta24.bartoszmatuszewski.pl\/index.php?rest_route=\/wp\/v2\/pages\/79\/revisions\/382"}],"wp:attachment":[{"href":"https:\/\/fizjoterapeuta24.bartoszmatuszewski.pl\/index.php?rest_route=%2Fwp%2Fv2%2Fmedia&parent=79"}],"curies":[{"name":"wp","href":"https:\/\/api.w.org\/{rel}","templated":true}]}}